{"id":1580,"date":"2024-03-04T20:39:32","date_gmt":"2024-03-04T19:39:32","guid":{"rendered":"https:\/\/sklep.dawid.pl\/?post_type=product&#038;p=1580"},"modified":"2024-03-04T22:12:58","modified_gmt":"2024-03-04T21:12:58","slug":"elektrozamek","status":"publish","type":"product","link":"https:\/\/sklep.dawid.pl\/?product=elektrozamek","title":{"rendered":"Elektrozamek"},"content":{"rendered":"<p>Elektrozamki trzpieniowe SCOT s\u0105 alternatyw\u0105 dla powszechnie stosowanych w systemach kontroli dost\u0119pu elektrozaczep\u00f3w lub te\u017c ich uzupe\u0142nieniem w przej\u015bciach wymagaj\u0105cych dodatkowego zabezpieczenia elektromechanicznego. Elektrozamek trzpieniowy sk\u0142ada si\u0119 z elementu wykonawczego zawieraj\u0105cego elektromagnes kt\u00f3ry pod wp\u0142ywem przy\u0142o\u017conego napi\u0119cia wypycha lub cofa ruchomy trzpie\u0144 (w zale\u017cno\u015bci od typu elektrozamka). Element g\u0142\u00f3wny montowany jest w ramie lub na ramie drzwi. Ruchomy trzpie\u0144 wchodz\u0105c w przygotowany otw\u00f3r w skrzydle drzwi blokuje je przed otwarciem. W zale\u017cno\u015bci od modelu elektrozamka maksymalny nacisk na drzwi przy kt\u00f3rym trzpie\u0144 mo\u017ce zosta\u0107 zerwany to 800 lub 1000 kg. Elektrozamki trzpieniowe wyst\u0119puj\u0105 zar\u00f3wno w wersji standardowej (NC &#8211; drzwi zamkni\u0119te bez napi\u0119cia), jak i w w wersji rewersyjnej (NO &#8211; drzwi otwarte bez napi\u0119cia, drzwi zabezpieczone po podaniu napi\u0119cia). Dodatkowe uchwyty monta\u017cowe typu \u201eS\u201d, \u201eU\u201d pozwalaj\u0105 na monta\u017c elektrozamka nawierzchniowo lub zastosowaniu go do wabezpieczenia drzwi szklanych. Elektrozamek trzpieniowy wyposa\u017cony jest w system atomatycznego zamykania. Je\u017celi po zadzia\u0142aniu sygna\u0142u steruj\u0105cego i zwolnieniu elektrozamka drzwi nie zostan\u0105 fizycznie otwarte &#8211; po up\u0142ywie ok. 5-9 sekund od zako\u0144czenia impulsu steruj\u0105cego ponownie zostan\u0105 zaryglowane. Elektrozamek trzpieniowy wyposa\u017cony jest w styk NO, kt\u00f3ry mo\u017ce by\u0107 wykorzystany w systemie kontroli dost\u0119pu informuj\u0105c o po\u0142o\u017ceniu sterowanych drzwi. Styk pozostaje zwarty je\u017celi skrzyd\u0142o drzwi znajduje si\u0119 bezpo\u015brednio w o\u015bcie\u017cnicy (p\u0142ytka z magnesem znajduje si\u0119 pod elektrozamkiem &#8211; sygna\u0142 niezale\u017cny od stanu napi\u0119cia) . Dzi\u0119ki temu mo\u017cemy przekaza\u0107 informacj\u0119 np. do systemu alarmowego, informuj\u0105c o stanie drzwi. Na obudowie zwory znajduje si\u0119 dwukolorowa dioda informuj\u0105ca o stanie wej\u015bcia. Je\u017celi drzwi s\u0105 zablokowane, jest to sygnalizowane czerwonym kolorem diody \u2013 je\u017celi drzwi zostan\u0105 odblokowane \u2013 dioda b\u0119dzie \u015bwieci\u0107 kolorem zielonym. Je\u017celi cewka elektrozamka nie jest zasilana \u2013 dioda jest wygaszona. Elektrozamek ma mo\u017cliwo\u015b\u0107 ustawienia op\u00f3\u017anienia czasowego po kt\u00f3rym elektrozamek zarygluje drzwi. Czas ten mo\u017cna ustawi\u0107 na mikroprze\u0142\u0105cznikach na obudowie elektrozamka. Mo\u017cliwe ustawienia: 0 \/ 3 \/ 6 \/ 9 sekund zw\u0142oki po podaniu sygna\u0142u steruj\u0105cego otwarcie drzwi.<\/p>\n","protected":false},"excerpt":{"rendered":"<p>Elektrozamki trzpieniowe SCOT s\u0105 alternatyw\u0105 dla powszechnie stosowanych w systemach kontroli dost\u0119pu elektrozaczep\u00f3w lub te\u017c ich uzupe\u0142nieniem w przej\u015bciach wymagaj\u0105cych dodatkowego zabezpieczenia elektromechanicznego. Elektrozamek trzpieniowy&#8230;<\/p>\n","protected":false},"featured_media":1583,"comment_status":"open","ping_status":"closed","template":"","meta":[],"etheme_brands":[],"product_cat":[38],"product_tag":[],"class_list":{"0":"post-1580","1":"product","2":"type-product","3":"status-publish","4":"has-post-thumbnail","6":"product_cat-slupy_i_akcesoria","8":"first","9":"instock","10":"taxable","11":"shipping-taxable","12":"purchasable","13":"product-type-simple"},"_links":{"self":[{"href":"https:\/\/sklep.dawid.pl\/index.php?rest_route=\/wp\/v2\/product\/1580","targetHints":{"allow":["GET"]}}],"collection":[{"href":"https:\/\/sklep.dawid.pl\/index.php?rest_route=\/wp\/v2\/product"}],"about":[{"href":"https:\/\/sklep.dawid.pl\/index.php?rest_route=\/wp\/v2\/types\/product"}],"replies":[{"embeddable":true,"href":"https:\/\/sklep.dawid.pl\/index.php?rest_route=%2Fwp%2Fv2%2Fcomments&post=1580"}],"version-history":[{"count":2,"href":"https:\/\/sklep.dawid.pl\/index.php?rest_route=\/wp\/v2\/product\/1580\/revisions"}],"predecessor-version":[{"id":1584,"href":"https:\/\/sklep.dawid.pl\/index.php?rest_route=\/wp\/v2\/product\/1580\/revisions\/1584"}],"wp:featuredmedia":[{"embeddable":true,"href":"https:\/\/sklep.dawid.pl\/index.php?rest_route=\/wp\/v2\/media\/1583"}],"wp:attachment":[{"href":"https:\/\/sklep.dawid.pl\/index.php?rest_route=%2Fwp%2Fv2%2Fmedia&parent=1580"}],"wp:term":[{"taxonomy":"brand","embeddable":true,"href":"https:\/\/sklep.dawid.pl\/index.php?rest_route=%2Fwp%2Fv2%2Fetheme_brands&post=1580"},{"taxonomy":"product_cat","embeddable":true,"href":"https:\/\/sklep.dawid.pl\/index.php?rest_route=%2Fwp%2Fv2%2Fproduct_cat&post=1580"},{"taxonomy":"product_tag","embeddable":true,"href":"https:\/\/sklep.dawid.pl\/index.php?rest_route=%2Fwp%2Fv2%2Fproduct_tag&post=1580"}],"curies":[{"name":"wp","href":"https:\/\/api.w.org\/{rel}","templated":true}]}}